{"id":1208,"date":"2020-01-28T14:34:32","date_gmt":"2020-01-28T19:34:32","guid":{"rendered":"http:\/\/o-volt.ca\/blainville\/?post_type=product&#038;p=1208"},"modified":"2026-01-24T14:40:43","modified_gmt":"2026-01-24T19:40:43","slug":"les-saltos","status":"publish","type":"product","link":"https:\/\/ecom.o-volt.ca\/ovoltblainville\/product\/les-saltos\/","title":{"rendered":"Les Saltos &#8211; Cours de trampoline Interm\u00e9diaire"},"content":{"rendered":"<p><strong>C\u2019EST QUOI :\u00a0Cours de trampoline interm\u00e9diaire<\/strong><\/p>\n<p><strong>\u00c2GE : \u00c0 partir de 6 ans<\/strong><\/p>\n<p><strong>HORAIRE :<\/strong><br \/>\n<strong>Lundi 19h15 \u00e0 20h15<\/strong><\/p>\n<p><strong>Mardi 17h45 \u00e0 18h45<\/strong><\/p>\n<p><strong>Mardi 19h \u00e0 20h<\/strong><\/p>\n<p><strong>Mercredi 19h \u00e0 20h<\/strong><\/p>\n<p><strong>Jeudi 19h15 \u00e0 20h15<\/strong><\/p>\n<p><strong>8 s\u00e9ances, commen\u00e7ant la semaine du 26 janvier 2026<\/strong><\/p>\n<p><strong>COURS ANNUL\u00c9S DU 2 AU 6 MARS (SEMAINE DE REL\u00c2CHE)<\/strong><\/p>\n<p><strong>DESCRIPTION DU COURS :\u00a0En plus du perfectionnement des sauts de bases, ce cours cible l\u2019enseignement des saltos avant et arri\u00e8re et diverses progressions de ceux-ci.<\/strong><\/p>\n<p><strong>PR\u00c9-REQUIS : Cours Champions r\u00e9ussi, cours de gymnastique, ou certification HV1 chez O-volt.<\/strong><\/p>\n","protected":false},"excerpt":{"rendered":"<p>Trampoline Interm\u00e9diaire (6 \u00e0 15 ans)<\/p>\n","protected":false},"featured_media":40157,"template":"","meta":{"ocean_post_layout":"","ocean_both_sidebars_style":"","ocean_both_sidebars_content_width":0,"ocean_both_sidebars_sidebars_width":0,"ocean_sidebar":"0","ocean_second_sidebar":"0","ocean_disable_margins":"enable","ocean_add_body_class":"","ocean_shortcode_before_top_bar":"","ocean_shortcode_after_top_bar":"","ocean_shortcode_before_header":"","ocean_shortcode_after_header":"","ocean_has_shortcode":"","ocean_shortcode_after_title":"","ocean_shortcode_before_footer_widgets":"","ocean_shortcode_after_footer_widgets":"","ocean_shortcode_before_footer_bottom":"","ocean_shortcode_after_footer_bottom":"","ocean_display_top_bar":"default","ocean_display_header":"default","ocean_header_style":"","ocean_center_header_left_menu":"0","ocean_custom_header_template":"0","ocean_custom_logo":0,"ocean_custom_retina_logo":0,"ocean_custom_logo_max_width":0,"ocean_custom_logo_tablet_max_width":0,"ocean_custom_logo_mobile_max_width":0,"ocean_custom_logo_max_height":0,"ocean_custom_logo_tablet_max_height":0,"ocean_custom_logo_mobile_max_height":0,"ocean_header_custom_menu":"0","ocean_menu_typo_font_family":"0","ocean_menu_typo_font_subset":"","ocean_menu_typo_font_size":0,"ocean_menu_typo_font_size_tablet":0,"ocean_menu_typo_font_size_mobile":0,"ocean_menu_typo_font_size_unit":"px","ocean_menu_typo_font_weight":"","ocean_menu_typo_font_weight_tablet":"","ocean_menu_typo_font_weight_mobile":"","ocean_menu_typo_transform":"","ocean_menu_typo_transform_tablet":"","ocean_menu_typo_transform_mobile":"","ocean_menu_typo_line_height":0,"ocean_menu_typo_line_height_tablet":0,"ocean_menu_typo_line_height_mobile":0,"ocean_menu_typo_line_height_unit":"","ocean_menu_typo_spacing":0,"ocean_menu_typo_spacing_tablet":0,"ocean_menu_typo_spacing_mobile":0,"ocean_menu_typo_spacing_unit":"","ocean_menu_link_color":"","ocean_menu_link_color_hover":"","ocean_menu_link_color_active":"","ocean_menu_link_background":"","ocean_menu_link_hover_background":"","ocean_menu_link_active_background":"","ocean_menu_social_links_bg":"","ocean_menu_social_hover_links_bg":"","ocean_menu_social_links_color":"","ocean_menu_social_hover_links_color":"","ocean_disable_title":"default","ocean_disable_heading":"default","ocean_post_title":"","ocean_post_subheading":"","ocean_post_title_style":"","ocean_post_title_background_color":"","ocean_post_title_background":0,"ocean_post_title_bg_image_position":"","ocean_post_title_bg_image_attachment":"","ocean_post_title_bg_image_repeat":"","ocean_post_title_bg_image_size":"","ocean_post_title_height":0,"ocean_post_title_bg_overlay":0.5,"ocean_post_title_bg_overlay_color":"","ocean_disable_breadcrumbs":"default","ocean_breadcrumbs_color":"","ocean_breadcrumbs_separator_color":"","ocean_breadcrumbs_links_color":"","ocean_breadcrumbs_links_hover_color":"","ocean_display_footer_widgets":"default","ocean_display_footer_bottom":"default","ocean_custom_footer_template":"0"},"product_brand":[],"product_cat":[131,37],"product_tag":[],"class_list":{"0":"post-1208","1":"product","2":"type-product","3":"status-publish","4":"has-post-thumbnail","6":"product_cat-6-a-15-ans","7":"product_cat-cours","9":"entry","10":"has-media","12":"first","13":"outofstock","14":"taxable","15":"shipping-taxable","16":"purchasable","17":"product-type-variable","18":"has-product-nav","19":"col","20":"span_1_of_5","21":"owp-content-center","22":"owp-thumbs-layout-horizontal","23":"owp-btn-normal","24":"owp-tabs-layout-horizontal","25":"has-no-thumbnails","27":"circle-sale"},"exclude_global_add_ons":false,"addons":[{"name":"Pr\u00e9nom et nom de l'enfant:","type":"custom_text","position":0,"required":true,"title_format":"label","default":"","description_enable":false,"description":"","placeholder_enable":false,"placeholder":"","display":"select","restrictions_type":"only_letters","adjust_price":false,"price":"","price_type":"flat_fee","restrictions":false,"min":"0","max":"0","options":[],"id":1714034968},{"name":"date de naissance :","type":"datepicker","position":1,"required":true,"title_format":"label","default":"","description_enable":false,"description":"","placeholder_enable":false,"placeholder":"","display":"select","restrictions_type":"any_text","adjust_price":false,"price":"","price_type":"flat_fee","restrictions":false,"min":"0","max":"0","options":[],"id":1714034969},{"name":"N\u00b0 assurance maladie (sans espace)","type":"custom_text","position":2,"required":true,"title_format":"label","default":"","description_enable":false,"description":"","placeholder_enable":true,"placeholder":"ABCD12345678","display":"select","restrictions_type":"only_letters_numbers","adjust_price":false,"price":"","price_type":"flat_fee","restrictions":true,"min":"12","max":"12","options":[],"id":1714034970},{"name":"Contact en cas d'urgence","type":"custom_text","position":3,"required":true,"title_format":"label","default":"","description_enable":false,"description":"","placeholder_enable":false,"placeholder":"","display":"select","restrictions_type":"only_letters","adjust_price":false,"price":"","price_type":"flat_fee","restrictions":false,"min":"0","max":"0","options":[],"id":1714034971},{"name":"No T\u00e9l\u00e9phone en cas d'urgence","type":"custom_text","position":4,"required":true,"title_format":"label","default":"","description_enable":false,"description":"","placeholder_enable":true,"placeholder":"111-222-3333","display":"select","restrictions_type":"only_numbers","adjust_price":false,"price":"","price_type":"flat_fee","restrictions":false,"min":"0","max":"0","options":[],"id":1714034972},{"name":"Diagnostic m\u00e9dical en cas d'urgence et autres \u00e9tats de sant\u00e9:","type":"custom_textarea","position":5,"required":false,"title_format":"label","default":"","description_enable":false,"description":"","placeholder_enable":false,"placeholder":"","display":"select","restrictions_type":"any_text","adjust_price":false,"price":"","price_type":"flat_fee","restrictions":false,"min":"0","max":"0","options":[],"id":1714034973},{"name":"Je comprends que le cours n'est pas remboursable :","type":"checkbox","position":6,"required":true,"title_format":"label","default":"","description_enable":false,"description":"","placeholder_enable":false,"placeholder":"","display":"select","restrictions_type":"any_text","adjust_price":false,"price":"","price_type":"flat_fee","restrictions":false,"min":"0","max":"0","options":[{"label":"OUI","price":"","price_type":"flat_fee","image":0,"visibility":true}],"id":1714034974},{"name":"La d\u00e9charge a \u00e9t\u00e9 sign\u00e9e pour mon enfant :","type":"checkbox","position":7,"required":true,"title_format":"label","default":"","description_enable":false,"description":"","placeholder_enable":false,"placeholder":"","display":"select","restrictions_type":"any_text","adjust_price":false,"price":"","price_type":"flat_fee","restrictions":false,"min":"0","max":"0","options":[{"label":"OUI","price":"","price_type":"flat_fee","image":0,"visibility":true}],"id":1714034975},{"name":"J'accepte de fournir les informations personelles ci-haut pour assurer le bon d\u00e9roulement du cours:","type":"checkbox","position":8,"required":true,"title_format":"label","default":"","description_enable":false,"description":"","placeholder_enable":false,"placeholder":"","display":"select","restrictions_type":"any_text","adjust_price":false,"price":"","price_type":"flat_fee","restrictions":false,"min":"0","max":"0","options":[{"label":"OUI","price":"","price_type":"flat_fee","image":0,"visibility":true}],"id":1714034976}],"yoast_head":"<!-- This site is optimized with the Yoast SEO plugin v27.6 - https:\/\/yoast.com\/product\/yoast-seo-wordpress\/ -->\n<title>Les Saltos - Trampoline interm\u00e9diaire | O-Volt Blainville<\/title>\n<meta name=\"description\" content=\"Cours de trampoline interm\u00e9diaire pour les 6 \u00e0 15 ans. Ce cours cible l&#039;apprentissage des sauts de base, des saltos avant et arri\u00e8re et de leur progression.\" \/>\n<meta name=\"robots\" content=\"index, follow, max-snippet:-1, max-image-preview:large, max-video-preview:-1\" \/>\n<link rel=\"canonical\" href=\"https:\/\/ecom.o-volt.ca\/ovoltblainville\/product\/les-saltos\/\" \/>\n<meta property=\"og:locale\" content=\"fr_CA\" \/>\n<meta property=\"og:type\" content=\"article\" \/>\n<meta property=\"og:title\" content=\"Les Saltos - Trampoline interm\u00e9diaire | O-Volt Blainville\" \/>\n<meta property=\"og:description\" content=\"Cours de trampoline interm\u00e9diaire pour les 6 \u00e0 15 ans. Ce cours cible l&#039;apprentissage des sauts de base, des saltos avant et arri\u00e8re et de leur progression.\" \/>\n<meta property=\"og:url\" content=\"https:\/\/ecom.o-volt.ca\/ovoltblainville\/product\/les-saltos\/\" \/>\n<meta property=\"og:site_name\" content=\"O-Volt Blainville\" \/>\n<meta property=\"article:modified_time\" content=\"2026-01-24T19:40:43+00:00\" \/>\n<meta property=\"og:image\" content=\"https:\/\/ecom.o-volt.ca\/ovoltblainville\/wp-content\/uploads\/sites\/6\/2020\/08\/27.png\" \/>\n\t<meta property=\"og:image:width\" content=\"500\" \/>\n\t<meta property=\"og:image:height\" content=\"500\" \/>\n\t<meta property=\"og:image:type\" content=\"image\/png\" \/>\n<meta name=\"twitter:card\" content=\"summary_large_image\" \/>\n<meta name=\"twitter:label1\" content=\"Estimation du temps de lecture\" \/>\n\t<meta name=\"twitter:data1\" content=\"1 minute\" \/>\n<script type=\"application\/ld+json\" class=\"yoast-schema-graph\">{\"@context\":\"https:\\\/\\\/schema.org\",\"@graph\":[{\"@type\":\"WebPage\",\"@id\":\"https:\\\/\\\/ecom.o-volt.ca\\\/ovoltblainville\\\/product\\\/les-saltos\\\/\",\"url\":\"https:\\\/\\\/ecom.o-volt.ca\\\/ovoltblainville\\\/product\\\/les-saltos\\\/\",\"name\":\"Les Saltos - Trampoline interm\u00e9diaire | O-Volt Blainville\",\"isPartOf\":{\"@id\":\"https:\\\/\\\/ecom.o-volt.ca\\\/ovoltblainville\\\/#website\"},\"primaryImageOfPage\":{\"@id\":\"https:\\\/\\\/ecom.o-volt.ca\\\/ovoltblainville\\\/product\\\/les-saltos\\\/#primaryimage\"},\"image\":{\"@id\":\"https:\\\/\\\/ecom.o-volt.ca\\\/ovoltblainville\\\/product\\\/les-saltos\\\/#primaryimage\"},\"thumbnailUrl\":\"https:\\\/\\\/ecom.o-volt.ca\\\/ovoltblainville\\\/wp-content\\\/uploads\\\/sites\\\/6\\\/2020\\\/08\\\/27.png\",\"datePublished\":\"2020-01-28T19:34:32+00:00\",\"dateModified\":\"2026-01-24T19:40:43+00:00\",\"description\":\"Cours de trampoline interm\u00e9diaire pour les 6 \u00e0 15 ans. Ce cours cible l'apprentissage des sauts de base, des saltos avant et arri\u00e8re et de leur progression.\",\"breadcrumb\":{\"@id\":\"https:\\\/\\\/ecom.o-volt.ca\\\/ovoltblainville\\\/product\\\/les-saltos\\\/#breadcrumb\"},\"inLanguage\":\"fr-CA\",\"potentialAction\":[{\"@type\":\"ReadAction\",\"target\":[\"https:\\\/\\\/ecom.o-volt.ca\\\/ovoltblainville\\\/product\\\/les-saltos\\\/\"]}]},{\"@type\":\"ImageObject\",\"inLanguage\":\"fr-CA\",\"@id\":\"https:\\\/\\\/ecom.o-volt.ca\\\/ovoltblainville\\\/product\\\/les-saltos\\\/#primaryimage\",\"url\":\"https:\\\/\\\/ecom.o-volt.ca\\\/ovoltblainville\\\/wp-content\\\/uploads\\\/sites\\\/6\\\/2020\\\/08\\\/27.png\",\"contentUrl\":\"https:\\\/\\\/ecom.o-volt.ca\\\/ovoltblainville\\\/wp-content\\\/uploads\\\/sites\\\/6\\\/2020\\\/08\\\/27.png\",\"width\":500,\"height\":500},{\"@type\":\"BreadcrumbList\",\"@id\":\"https:\\\/\\\/ecom.o-volt.ca\\\/ovoltblainville\\\/product\\\/les-saltos\\\/#breadcrumb\",\"itemListElement\":[{\"@type\":\"ListItem\",\"position\":1,\"name\":\"Home\",\"item\":\"https:\\\/\\\/ecom.o-volt.ca\\\/ovoltblainville\\\/\"},{\"@type\":\"ListItem\",\"position\":2,\"name\":\"Boutique\",\"item\":\"https:\\\/\\\/ecom.o-volt.ca\\\/ovoltblainville\\\/boutique\\\/\"},{\"@type\":\"ListItem\",\"position\":3,\"name\":\"Les Saltos &#8211; Cours de trampoline Interm\u00e9diaire\"}]},{\"@type\":\"WebSite\",\"@id\":\"https:\\\/\\\/ecom.o-volt.ca\\\/ovoltblainville\\\/#website\",\"url\":\"https:\\\/\\\/ecom.o-volt.ca\\\/ovoltblainville\\\/\",\"name\":\"O-Volt Blainville\",\"description\":\"\",\"potentialAction\":[{\"@type\":\"SearchAction\",\"target\":{\"@type\":\"EntryPoint\",\"urlTemplate\":\"https:\\\/\\\/ecom.o-volt.ca\\\/ovoltblainville\\\/?s={search_term_string}\"},\"query-input\":{\"@type\":\"PropertyValueSpecification\",\"valueRequired\":true,\"valueName\":\"search_term_string\"}}],\"inLanguage\":\"fr-CA\"}]}<\/script>\n<!-- \/ Yoast SEO plugin. -->","yoast_head_json":{"title":"Les Saltos - Trampoline interm\u00e9diaire | O-Volt Blainville","description":"Cours de trampoline interm\u00e9diaire pour les 6 \u00e0 15 ans. Ce cours cible l'apprentissage des sauts de base, des saltos avant et arri\u00e8re et de leur progression.","robots":{"index":"index","follow":"follow","max-snippet":"max-snippet:-1","max-image-preview":"max-image-preview:large","max-video-preview":"max-video-preview:-1"},"canonical":"https:\/\/ecom.o-volt.ca\/ovoltblainville\/product\/les-saltos\/","og_locale":"fr_CA","og_type":"article","og_title":"Les Saltos - Trampoline interm\u00e9diaire | O-Volt Blainville","og_description":"Cours de trampoline interm\u00e9diaire pour les 6 \u00e0 15 ans. Ce cours cible l'apprentissage des sauts de base, des saltos avant et arri\u00e8re et de leur progression.","og_url":"https:\/\/ecom.o-volt.ca\/ovoltblainville\/product\/les-saltos\/","og_site_name":"O-Volt Blainville","article_modified_time":"2026-01-24T19:40:43+00:00","og_image":[{"width":500,"height":500,"url":"https:\/\/ecom.o-volt.ca\/ovoltblainville\/wp-content\/uploads\/sites\/6\/2020\/08\/27.png","type":"image\/png"}],"twitter_card":"summary_large_image","twitter_misc":{"Estimation du temps de lecture":"1 minute"},"schema":{"@context":"https:\/\/schema.org","@graph":[{"@type":"WebPage","@id":"https:\/\/ecom.o-volt.ca\/ovoltblainville\/product\/les-saltos\/","url":"https:\/\/ecom.o-volt.ca\/ovoltblainville\/product\/les-saltos\/","name":"Les Saltos - Trampoline interm\u00e9diaire | O-Volt Blainville","isPartOf":{"@id":"https:\/\/ecom.o-volt.ca\/ovoltblainville\/#website"},"primaryImageOfPage":{"@id":"https:\/\/ecom.o-volt.ca\/ovoltblainville\/product\/les-saltos\/#primaryimage"},"image":{"@id":"https:\/\/ecom.o-volt.ca\/ovoltblainville\/product\/les-saltos\/#primaryimage"},"thumbnailUrl":"https:\/\/ecom.o-volt.ca\/ovoltblainville\/wp-content\/uploads\/sites\/6\/2020\/08\/27.png","datePublished":"2020-01-28T19:34:32+00:00","dateModified":"2026-01-24T19:40:43+00:00","description":"Cours de trampoline interm\u00e9diaire pour les 6 \u00e0 15 ans. Ce cours cible l'apprentissage des sauts de base, des saltos avant et arri\u00e8re et de leur progression.","breadcrumb":{"@id":"https:\/\/ecom.o-volt.ca\/ovoltblainville\/product\/les-saltos\/#breadcrumb"},"inLanguage":"fr-CA","potentialAction":[{"@type":"ReadAction","target":["https:\/\/ecom.o-volt.ca\/ovoltblainville\/product\/les-saltos\/"]}]},{"@type":"ImageObject","inLanguage":"fr-CA","@id":"https:\/\/ecom.o-volt.ca\/ovoltblainville\/product\/les-saltos\/#primaryimage","url":"https:\/\/ecom.o-volt.ca\/ovoltblainville\/wp-content\/uploads\/sites\/6\/2020\/08\/27.png","contentUrl":"https:\/\/ecom.o-volt.ca\/ovoltblainville\/wp-content\/uploads\/sites\/6\/2020\/08\/27.png","width":500,"height":500},{"@type":"BreadcrumbList","@id":"https:\/\/ecom.o-volt.ca\/ovoltblainville\/product\/les-saltos\/#breadcrumb","itemListElement":[{"@type":"ListItem","position":1,"name":"Home","item":"https:\/\/ecom.o-volt.ca\/ovoltblainville\/"},{"@type":"ListItem","position":2,"name":"Boutique","item":"https:\/\/ecom.o-volt.ca\/ovoltblainville\/boutique\/"},{"@type":"ListItem","position":3,"name":"Les Saltos &#8211; Cours de trampoline Interm\u00e9diaire"}]},{"@type":"WebSite","@id":"https:\/\/ecom.o-volt.ca\/ovoltblainville\/#website","url":"https:\/\/ecom.o-volt.ca\/ovoltblainville\/","name":"O-Volt Blainville","description":"","potentialAction":[{"@type":"SearchAction","target":{"@type":"EntryPoint","urlTemplate":"https:\/\/ecom.o-volt.ca\/ovoltblainville\/?s={search_term_string}"},"query-input":{"@type":"PropertyValueSpecification","valueRequired":true,"valueName":"search_term_string"}}],"inLanguage":"fr-CA"}]}},"_links":{"self":[{"href":"https:\/\/ecom.o-volt.ca\/ovoltblainville\/wp-json\/wp\/v2\/product\/1208","targetHints":{"allow":["GET"]}}],"collection":[{"href":"https:\/\/ecom.o-volt.ca\/ovoltblainville\/wp-json\/wp\/v2\/product"}],"about":[{"href":"https:\/\/ecom.o-volt.ca\/ovoltblainville\/wp-json\/wp\/v2\/types\/product"}],"wp:featuredmedia":[{"embeddable":true,"href":"https:\/\/ecom.o-volt.ca\/ovoltblainville\/wp-json\/wp\/v2\/media\/40157"}],"wp:attachment":[{"href":"https:\/\/ecom.o-volt.ca\/ovoltblainville\/wp-json\/wp\/v2\/media?parent=1208"}],"wp:term":[{"taxonomy":"product_brand","embeddable":true,"href":"https:\/\/ecom.o-volt.ca\/ovoltblainville\/wp-json\/wp\/v2\/product_brand?post=1208"},{"taxonomy":"product_cat","embeddable":true,"href":"https:\/\/ecom.o-volt.ca\/ovoltblainville\/wp-json\/wp\/v2\/product_cat?post=1208"},{"taxonomy":"product_tag","embeddable":true,"href":"https:\/\/ecom.o-volt.ca\/ovoltblainville\/wp-json\/wp\/v2\/product_tag?post=1208"}],"curies":[{"name":"wp","href":"https:\/\/api.w.org\/{rel}","templated":true}]}}