{"id":4067,"date":"2020-08-04T17:12:53","date_gmt":"2020-08-04T21:12:53","guid":{"rendered":"https:\/\/o-volt.ca\/blainville\/?post_type=product&#038;p=4067"},"modified":"2026-02-06T09:44:14","modified_gmt":"2026-02-06T14:44:14","slug":"les-free-styles","status":"publish","type":"product","link":"https:\/\/ecom.o-volt.ca\/ovoltblainville\/product\/les-free-styles\/","title":{"rendered":"Les Freestyles &#8211; Cours de trampoline Expert"},"content":{"rendered":"<div class=\"elementor-element elementor-element-07cadad elementor-widget elementor-widget-text-editor\" data-id=\"07cadad\" data-element_type=\"widget\" data-widget_type=\"text-editor.default\">\n<div class=\"elementor-widget-container\">\n<div class=\"elementor-text-editor elementor-clearfix\">\n<p><strong>C\u2019EST QUOI :\u00a0Cours de trampoline expert<\/strong><\/p>\n<p><strong>\u00c2GE : \u00c0 partir de 6 ans<\/strong><\/p>\n<p><strong>GROUPE :\u00a08 personnes maximum<\/strong><\/p>\n<p><strong>HORAIRE :<\/strong><br \/>\n<strong>Mardi de 19h15 \u00e0 20h45<\/strong><br \/>\n<strong>Dur\u00e9e: 1.5 heures<\/strong><br \/>\n<strong>8 semaines commen\u00e7ant la semaine du 26 janvier 2026<\/strong><\/p>\n<p><strong>COURS ANNUL\u00c9S DU 2 AU 6 MARS (SEMAINE DE REL\u00c2CHE)<\/strong><\/p>\n<p><strong>DESCRIPTION DU COURS :\u00a0Cours expert, supervis\u00e9 par un entraineur, mais ax\u00e9 sur le d\u00e9veloppement d\u2019objectifs personnels incluant la cr\u00e9ation de figures au mur et de parkour. Ce cours est l\u2019opportunit\u00e9 pour r\u00e9aliser des doubles vrilles et doubles saltos ainsi que l\u2019enchainement de saltos sp\u00e9cialis\u00e9s tout en utilisant les murs et obstacles.<\/strong><\/p>\n<p><strong>PR\u00c9-REQUIS : Cours avanc\u00e9 de trampoline (cours Baranis r\u00e9ussi) ou vrille arri\u00e8re.<\/strong><\/p>\n<\/div>\n<\/div>\n<\/div>\n<div class=\"elementor-element elementor-element-5d015c7 elementor-align-center elementor-widget elementor-widget-button\" data-id=\"5d015c7\" data-element_type=\"widget\" data-widget_type=\"button.default\">\n<div class=\"elementor-widget-container\">\n<div class=\"elementor-button-wrapper\"><\/div>\n<\/div>\n<\/div>\n","protected":false},"excerpt":{"rendered":"<p>C\u2019EST QUOI :\u00a0Cours de trampoline expert \u00c2GE : \u00c0 partir de 6 ans GROUPE :\u00a08 personnes maximum HORAIRE : Mardi de 19h15 \u00e0 20h45 Dur\u00e9e: 1.5 heures 8 semaines commen\u00e7ant la semaine du 26 janvier 2026 COURS ANNUL\u00c9S DU 2 AU 6 MARS (SEMAINE DE REL\u00c2CHE) DESCRIPTION DU COURS :\u00a0Cours expert, supervis\u00e9 par un entraineur, [&hellip;]<\/p>\n","protected":false},"featured_media":40155,"template":"","meta":{"ocean_post_layout":"","ocean_both_sidebars_style":"","ocean_both_sidebars_content_width":0,"ocean_both_sidebars_sidebars_width":0,"ocean_sidebar":"0","ocean_second_sidebar":"0","ocean_disable_margins":"enable","ocean_add_body_class":"","ocean_shortcode_before_top_bar":"","ocean_shortcode_after_top_bar":"","ocean_shortcode_before_header":"","ocean_shortcode_after_header":"","ocean_has_shortcode":"","ocean_shortcode_after_title":"","ocean_shortcode_before_footer_widgets":"","ocean_shortcode_after_footer_widgets":"","ocean_shortcode_before_footer_bottom":"","ocean_shortcode_after_footer_bottom":"","ocean_display_top_bar":"default","ocean_display_header":"default","ocean_header_style":"","ocean_center_header_left_menu":"0","ocean_custom_header_template":"0","ocean_custom_logo":0,"ocean_custom_retina_logo":0,"ocean_custom_logo_max_width":0,"ocean_custom_logo_tablet_max_width":0,"ocean_custom_logo_mobile_max_width":0,"ocean_custom_logo_max_height":0,"ocean_custom_logo_tablet_max_height":0,"ocean_custom_logo_mobile_max_height":0,"ocean_header_custom_menu":"0","ocean_menu_typo_font_family":"0","ocean_menu_typo_font_subset":"","ocean_menu_typo_font_size":0,"ocean_menu_typo_font_size_tablet":0,"ocean_menu_typo_font_size_mobile":0,"ocean_menu_typo_font_size_unit":"px","ocean_menu_typo_font_weight":"","ocean_menu_typo_font_weight_tablet":"","ocean_menu_typo_font_weight_mobile":"","ocean_menu_typo_transform":"","ocean_menu_typo_transform_tablet":"","ocean_menu_typo_transform_mobile":"","ocean_menu_typo_line_height":0,"ocean_menu_typo_line_height_tablet":0,"ocean_menu_typo_line_height_mobile":0,"ocean_menu_typo_line_height_unit":"","ocean_menu_typo_spacing":0,"ocean_menu_typo_spacing_tablet":0,"ocean_menu_typo_spacing_mobile":0,"ocean_menu_typo_spacing_unit":"","ocean_menu_link_color":"","ocean_menu_link_color_hover":"","ocean_menu_link_color_active":"","ocean_menu_link_background":"","ocean_menu_link_hover_background":"","ocean_menu_link_active_background":"","ocean_menu_social_links_bg":"","ocean_menu_social_hover_links_bg":"","ocean_menu_social_links_color":"","ocean_menu_social_hover_links_color":"","ocean_disable_title":"default","ocean_disable_heading":"default","ocean_post_title":"","ocean_post_subheading":"","ocean_post_title_style":"","ocean_post_title_background_color":"","ocean_post_title_background":0,"ocean_post_title_bg_image_position":"","ocean_post_title_bg_image_attachment":"","ocean_post_title_bg_image_repeat":"","ocean_post_title_bg_image_size":"","ocean_post_title_height":0,"ocean_post_title_bg_overlay":0.5,"ocean_post_title_bg_overlay_color":"","ocean_disable_breadcrumbs":"default","ocean_breadcrumbs_color":"","ocean_breadcrumbs_separator_color":"","ocean_breadcrumbs_links_color":"","ocean_breadcrumbs_links_hover_color":"","ocean_display_footer_widgets":"default","ocean_display_footer_bottom":"default","ocean_custom_footer_template":"0"},"product_brand":[],"product_cat":[131,37],"product_tag":[67,70,69,68],"class_list":{"0":"post-4067","1":"product","2":"type-product","3":"status-publish","4":"has-post-thumbnail","6":"product_cat-6-a-15-ans","7":"product_cat-cours","8":"product_tag-cours","9":"product_tag-expert","10":"product_tag-jeune","11":"product_tag-trampoline","13":"entry","14":"has-media","16":"first","17":"instock","18":"taxable","19":"shipping-taxable","20":"purchasable","21":"product-type-variable","22":"has-product-nav","23":"col","24":"span_1_of_5","25":"owp-content-center","26":"owp-thumbs-layout-horizontal","27":"owp-btn-normal","28":"owp-tabs-layout-horizontal","29":"has-no-thumbnails","31":"circle-sale"},"exclude_global_add_ons":false,"addons":[{"name":"Pr\u00e9nom et nom de l'enfant:","type":"custom_text","position":0,"required":true,"title_format":"label","default":"","description_enable":false,"description":"","placeholder_enable":false,"placeholder":"","display":"select","restrictions_type":"only_letters","adjust_price":false,"price":"","price_type":"flat_fee","restrictions":false,"min":"0","max":"0","options":[],"id":1714034968},{"name":"date de naissance :","type":"datepicker","position":1,"required":true,"title_format":"label","default":"","description_enable":false,"description":"","placeholder_enable":false,"placeholder":"","display":"select","restrictions_type":"any_text","adjust_price":false,"price":"","price_type":"flat_fee","restrictions":false,"min":"0","max":"0","options":[],"id":1714034969},{"name":"N\u00b0 assurance maladie (sans espace)","type":"custom_text","position":2,"required":true,"title_format":"label","default":"","description_enable":false,"description":"","placeholder_enable":true,"placeholder":"ABCD12345678","display":"select","restrictions_type":"only_letters_numbers","adjust_price":false,"price":"","price_type":"flat_fee","restrictions":true,"min":"12","max":"12","options":[],"id":1714034970},{"name":"Contact en cas d'urgence","type":"custom_text","position":3,"required":true,"title_format":"label","default":"","description_enable":false,"description":"","placeholder_enable":false,"placeholder":"","display":"select","restrictions_type":"only_letters","adjust_price":false,"price":"","price_type":"flat_fee","restrictions":false,"min":"0","max":"0","options":[],"id":1714034971},{"name":"No T\u00e9l\u00e9phone en cas d'urgence","type":"custom_text","position":4,"required":true,"title_format":"label","default":"","description_enable":false,"description":"","placeholder_enable":true,"placeholder":"111-222-3333","display":"select","restrictions_type":"only_numbers","adjust_price":false,"price":"","price_type":"flat_fee","restrictions":false,"min":"0","max":"0","options":[],"id":1714034972},{"name":"Diagnostic m\u00e9dical en cas d'urgence et autres \u00e9tats de sant\u00e9:","type":"custom_textarea","position":5,"required":false,"title_format":"label","default":"","description_enable":false,"description":"","placeholder_enable":false,"placeholder":"","display":"select","restrictions_type":"any_text","adjust_price":false,"price":"","price_type":"flat_fee","restrictions":false,"min":"0","max":"0","options":[],"id":1714034973},{"name":"Je comprends que le cours n'est pas remboursable :","type":"checkbox","position":6,"required":true,"title_format":"label","default":"","description_enable":false,"description":"","placeholder_enable":false,"placeholder":"","display":"select","restrictions_type":"any_text","adjust_price":false,"price":"","price_type":"flat_fee","restrictions":false,"min":"0","max":"0","options":[{"label":"OUI","price":"","price_type":"flat_fee","image":0,"visibility":true}],"id":1714034974},{"name":"La d\u00e9charge a \u00e9t\u00e9 sign\u00e9e pour mon enfant :","type":"checkbox","position":7,"required":true,"title_format":"label","default":"","description_enable":false,"description":"","placeholder_enable":false,"placeholder":"","display":"select","restrictions_type":"any_text","adjust_price":false,"price":"","price_type":"flat_fee","restrictions":false,"min":"0","max":"0","options":[{"label":"OUI","price":"","price_type":"flat_fee","image":0,"visibility":true}],"id":1714034975},{"name":"J'accepte de fournir les informations personelles ci-haut pour assurer le bon d\u00e9roulement du cours:","type":"checkbox","position":8,"required":true,"title_format":"label","default":"","description_enable":false,"description":"","placeholder_enable":false,"placeholder":"","display":"select","restrictions_type":"any_text","adjust_price":false,"price":"","price_type":"flat_fee","restrictions":false,"min":"0","max":"0","options":[{"label":"OUI","price":"","price_type":"flat_fee","image":0,"visibility":true}],"id":1714034976}],"yoast_head":"<!-- This site is optimized with the Yoast SEO plugin v27.6 - https:\/\/yoast.com\/product\/yoast-seo-wordpress\/ -->\n<title>Les Freestyles - Cours de trampoline | O-Volt Blainville<\/title>\n<meta name=\"description\" content=\"Cours de trampoline expert \u00e0 partir de 6 ans. Votre enfant sera en mesure d&#039;effectuer des encha\u00eenements de saltos sp\u00e9cialis\u00e9s en utilisant des obstacles.\" \/>\n<meta name=\"robots\" content=\"index, follow, max-snippet:-1, max-image-preview:large, max-video-preview:-1\" \/>\n<link rel=\"canonical\" href=\"https:\/\/ecom.o-volt.ca\/ovoltblainville\/product\/les-free-styles\/\" \/>\n<meta property=\"og:locale\" content=\"fr_CA\" \/>\n<meta property=\"og:type\" content=\"article\" \/>\n<meta property=\"og:title\" content=\"Les Freestyles - Cours de trampoline | O-Volt Blainville\" \/>\n<meta property=\"og:description\" content=\"Cours de trampoline expert \u00e0 partir de 6 ans. Votre enfant sera en mesure d&#039;effectuer des encha\u00eenements de saltos sp\u00e9cialis\u00e9s en utilisant des obstacles.\" \/>\n<meta property=\"og:url\" content=\"https:\/\/ecom.o-volt.ca\/ovoltblainville\/product\/les-free-styles\/\" \/>\n<meta property=\"og:site_name\" content=\"O-Volt Blainville\" \/>\n<meta property=\"article:modified_time\" content=\"2026-02-06T14:44:14+00:00\" \/>\n<meta property=\"og:image\" content=\"https:\/\/ecom.o-volt.ca\/ovoltblainville\/wp-content\/uploads\/sites\/6\/2020\/08\/23.png\" \/>\n\t<meta property=\"og:image:width\" content=\"500\" \/>\n\t<meta property=\"og:image:height\" content=\"500\" \/>\n\t<meta property=\"og:image:type\" content=\"image\/png\" \/>\n<meta name=\"twitter:card\" content=\"summary_large_image\" \/>\n<meta name=\"twitter:label1\" content=\"Estimation du temps de lecture\" \/>\n\t<meta name=\"twitter:data1\" content=\"1 minute\" \/>\n<script type=\"application\/ld+json\" class=\"yoast-schema-graph\">{\"@context\":\"https:\\\/\\\/schema.org\",\"@graph\":[{\"@type\":\"WebPage\",\"@id\":\"https:\\\/\\\/ecom.o-volt.ca\\\/ovoltblainville\\\/product\\\/les-free-styles\\\/\",\"url\":\"https:\\\/\\\/ecom.o-volt.ca\\\/ovoltblainville\\\/product\\\/les-free-styles\\\/\",\"name\":\"Les Freestyles - Cours de trampoline | O-Volt Blainville\",\"isPartOf\":{\"@id\":\"https:\\\/\\\/ecom.o-volt.ca\\\/ovoltblainville\\\/#website\"},\"primaryImageOfPage\":{\"@id\":\"https:\\\/\\\/ecom.o-volt.ca\\\/ovoltblainville\\\/product\\\/les-free-styles\\\/#primaryimage\"},\"image\":{\"@id\":\"https:\\\/\\\/ecom.o-volt.ca\\\/ovoltblainville\\\/product\\\/les-free-styles\\\/#primaryimage\"},\"thumbnailUrl\":\"https:\\\/\\\/ecom.o-volt.ca\\\/ovoltblainville\\\/wp-content\\\/uploads\\\/sites\\\/6\\\/2020\\\/08\\\/23.png\",\"datePublished\":\"2020-08-04T21:12:53+00:00\",\"dateModified\":\"2026-02-06T14:44:14+00:00\",\"description\":\"Cours de trampoline expert \u00e0 partir de 6 ans. Votre enfant sera en mesure d'effectuer des encha\u00eenements de saltos sp\u00e9cialis\u00e9s en utilisant des obstacles.\",\"breadcrumb\":{\"@id\":\"https:\\\/\\\/ecom.o-volt.ca\\\/ovoltblainville\\\/product\\\/les-free-styles\\\/#breadcrumb\"},\"inLanguage\":\"fr-CA\",\"potentialAction\":[{\"@type\":\"ReadAction\",\"target\":[\"https:\\\/\\\/ecom.o-volt.ca\\\/ovoltblainville\\\/product\\\/les-free-styles\\\/\"]}]},{\"@type\":\"ImageObject\",\"inLanguage\":\"fr-CA\",\"@id\":\"https:\\\/\\\/ecom.o-volt.ca\\\/ovoltblainville\\\/product\\\/les-free-styles\\\/#primaryimage\",\"url\":\"https:\\\/\\\/ecom.o-volt.ca\\\/ovoltblainville\\\/wp-content\\\/uploads\\\/sites\\\/6\\\/2020\\\/08\\\/23.png\",\"contentUrl\":\"https:\\\/\\\/ecom.o-volt.ca\\\/ovoltblainville\\\/wp-content\\\/uploads\\\/sites\\\/6\\\/2020\\\/08\\\/23.png\",\"width\":500,\"height\":500},{\"@type\":\"BreadcrumbList\",\"@id\":\"https:\\\/\\\/ecom.o-volt.ca\\\/ovoltblainville\\\/product\\\/les-free-styles\\\/#breadcrumb\",\"itemListElement\":[{\"@type\":\"ListItem\",\"position\":1,\"name\":\"Home\",\"item\":\"https:\\\/\\\/ecom.o-volt.ca\\\/ovoltblainville\\\/\"},{\"@type\":\"ListItem\",\"position\":2,\"name\":\"Boutique\",\"item\":\"https:\\\/\\\/ecom.o-volt.ca\\\/ovoltblainville\\\/boutique\\\/\"},{\"@type\":\"ListItem\",\"position\":3,\"name\":\"Les Freestyles &#8211; Cours de trampoline Expert\"}]},{\"@type\":\"WebSite\",\"@id\":\"https:\\\/\\\/ecom.o-volt.ca\\\/ovoltblainville\\\/#website\",\"url\":\"https:\\\/\\\/ecom.o-volt.ca\\\/ovoltblainville\\\/\",\"name\":\"O-Volt Blainville\",\"description\":\"\",\"potentialAction\":[{\"@type\":\"SearchAction\",\"target\":{\"@type\":\"EntryPoint\",\"urlTemplate\":\"https:\\\/\\\/ecom.o-volt.ca\\\/ovoltblainville\\\/?s={search_term_string}\"},\"query-input\":{\"@type\":\"PropertyValueSpecification\",\"valueRequired\":true,\"valueName\":\"search_term_string\"}}],\"inLanguage\":\"fr-CA\"}]}<\/script>\n<!-- \/ Yoast SEO plugin. -->","yoast_head_json":{"title":"Les Freestyles - Cours de trampoline | O-Volt Blainville","description":"Cours de trampoline expert \u00e0 partir de 6 ans. Votre enfant sera en mesure d'effectuer des encha\u00eenements de saltos sp\u00e9cialis\u00e9s en utilisant des obstacles.","robots":{"index":"index","follow":"follow","max-snippet":"max-snippet:-1","max-image-preview":"max-image-preview:large","max-video-preview":"max-video-preview:-1"},"canonical":"https:\/\/ecom.o-volt.ca\/ovoltblainville\/product\/les-free-styles\/","og_locale":"fr_CA","og_type":"article","og_title":"Les Freestyles - Cours de trampoline | O-Volt Blainville","og_description":"Cours de trampoline expert \u00e0 partir de 6 ans. Votre enfant sera en mesure d'effectuer des encha\u00eenements de saltos sp\u00e9cialis\u00e9s en utilisant des obstacles.","og_url":"https:\/\/ecom.o-volt.ca\/ovoltblainville\/product\/les-free-styles\/","og_site_name":"O-Volt Blainville","article_modified_time":"2026-02-06T14:44:14+00:00","og_image":[{"width":500,"height":500,"url":"https:\/\/ecom.o-volt.ca\/ovoltblainville\/wp-content\/uploads\/sites\/6\/2020\/08\/23.png","type":"image\/png"}],"twitter_card":"summary_large_image","twitter_misc":{"Estimation du temps de lecture":"1 minute"},"schema":{"@context":"https:\/\/schema.org","@graph":[{"@type":"WebPage","@id":"https:\/\/ecom.o-volt.ca\/ovoltblainville\/product\/les-free-styles\/","url":"https:\/\/ecom.o-volt.ca\/ovoltblainville\/product\/les-free-styles\/","name":"Les Freestyles - Cours de trampoline | O-Volt Blainville","isPartOf":{"@id":"https:\/\/ecom.o-volt.ca\/ovoltblainville\/#website"},"primaryImageOfPage":{"@id":"https:\/\/ecom.o-volt.ca\/ovoltblainville\/product\/les-free-styles\/#primaryimage"},"image":{"@id":"https:\/\/ecom.o-volt.ca\/ovoltblainville\/product\/les-free-styles\/#primaryimage"},"thumbnailUrl":"https:\/\/ecom.o-volt.ca\/ovoltblainville\/wp-content\/uploads\/sites\/6\/2020\/08\/23.png","datePublished":"2020-08-04T21:12:53+00:00","dateModified":"2026-02-06T14:44:14+00:00","description":"Cours de trampoline expert \u00e0 partir de 6 ans. Votre enfant sera en mesure d'effectuer des encha\u00eenements de saltos sp\u00e9cialis\u00e9s en utilisant des obstacles.","breadcrumb":{"@id":"https:\/\/ecom.o-volt.ca\/ovoltblainville\/product\/les-free-styles\/#breadcrumb"},"inLanguage":"fr-CA","potentialAction":[{"@type":"ReadAction","target":["https:\/\/ecom.o-volt.ca\/ovoltblainville\/product\/les-free-styles\/"]}]},{"@type":"ImageObject","inLanguage":"fr-CA","@id":"https:\/\/ecom.o-volt.ca\/ovoltblainville\/product\/les-free-styles\/#primaryimage","url":"https:\/\/ecom.o-volt.ca\/ovoltblainville\/wp-content\/uploads\/sites\/6\/2020\/08\/23.png","contentUrl":"https:\/\/ecom.o-volt.ca\/ovoltblainville\/wp-content\/uploads\/sites\/6\/2020\/08\/23.png","width":500,"height":500},{"@type":"BreadcrumbList","@id":"https:\/\/ecom.o-volt.ca\/ovoltblainville\/product\/les-free-styles\/#breadcrumb","itemListElement":[{"@type":"ListItem","position":1,"name":"Home","item":"https:\/\/ecom.o-volt.ca\/ovoltblainville\/"},{"@type":"ListItem","position":2,"name":"Boutique","item":"https:\/\/ecom.o-volt.ca\/ovoltblainville\/boutique\/"},{"@type":"ListItem","position":3,"name":"Les Freestyles &#8211; Cours de trampoline Expert"}]},{"@type":"WebSite","@id":"https:\/\/ecom.o-volt.ca\/ovoltblainville\/#website","url":"https:\/\/ecom.o-volt.ca\/ovoltblainville\/","name":"O-Volt Blainville","description":"","potentialAction":[{"@type":"SearchAction","target":{"@type":"EntryPoint","urlTemplate":"https:\/\/ecom.o-volt.ca\/ovoltblainville\/?s={search_term_string}"},"query-input":{"@type":"PropertyValueSpecification","valueRequired":true,"valueName":"search_term_string"}}],"inLanguage":"fr-CA"}]}},"_links":{"self":[{"href":"https:\/\/ecom.o-volt.ca\/ovoltblainville\/wp-json\/wp\/v2\/product\/4067","targetHints":{"allow":["GET"]}}],"collection":[{"href":"https:\/\/ecom.o-volt.ca\/ovoltblainville\/wp-json\/wp\/v2\/product"}],"about":[{"href":"https:\/\/ecom.o-volt.ca\/ovoltblainville\/wp-json\/wp\/v2\/types\/product"}],"wp:featuredmedia":[{"embeddable":true,"href":"https:\/\/ecom.o-volt.ca\/ovoltblainville\/wp-json\/wp\/v2\/media\/40155"}],"wp:attachment":[{"href":"https:\/\/ecom.o-volt.ca\/ovoltblainville\/wp-json\/wp\/v2\/media?parent=4067"}],"wp:term":[{"taxonomy":"product_brand","embeddable":true,"href":"https:\/\/ecom.o-volt.ca\/ovoltblainville\/wp-json\/wp\/v2\/product_brand?post=4067"},{"taxonomy":"product_cat","embeddable":true,"href":"https:\/\/ecom.o-volt.ca\/ovoltblainville\/wp-json\/wp\/v2\/product_cat?post=4067"},{"taxonomy":"product_tag","embeddable":true,"href":"https:\/\/ecom.o-volt.ca\/ovoltblainville\/wp-json\/wp\/v2\/product_tag?post=4067"}],"curies":[{"name":"wp","href":"https:\/\/api.w.org\/{rel}","templated":true}]}}