{"id":1292,"date":"2020-01-30T10:55:04","date_gmt":"2020-01-30T15:55:04","guid":{"rendered":"http:\/\/o-volt.ca\/blainville\/product\/ninja-warrior\/"},"modified":"2025-12-05T14:01:17","modified_gmt":"2025-12-05T19:01:17","slug":"ninja-warrior","status":"publish","type":"product","link":"https:\/\/ecom.o-volt.ca\/ovolttr\/en\/product\/ninja-warrior\/","title":{"rendered":"Ninja Warrior"},"content":{"rendered":"<p><strong>COURSE :<\/strong> Agility \/ Parkour<br \/>\n<strong>AGE :<\/strong> 6 &#8211; 13<br \/>\n<strong>GROUP :<\/strong> maximum 8 people<br \/>\n<strong>SCHEDULE :<br \/>\n<\/strong>Monday from 6-7pm or<br \/>\nWednesday from 6-7pm<br \/>\n12 weeks from September 14 to November 23<\/p>\n<p><strong>PRICE :<\/strong> $195+tx<\/p>\n<p><strong>COURSE DESCRIPTION :<\/strong> A mix of parkour, gymnastics and martial arts are brought together to develop the skills needed to be a Ninja Warrior! Throughout the course, the participant will increase their speed, agility and balance as well as the essential skills to practice the sport of parkour.<\/p>\n","protected":false},"excerpt":{"rendered":"<p>Agility course (Ages 6-13)<\/p>\n","protected":false},"featured_media":33549,"template":"","meta":{"ocean_post_layout":"","ocean_both_sidebars_style":"","ocean_both_sidebars_content_width":0,"ocean_both_sidebars_sidebars_width":0,"ocean_sidebar":"0","ocean_second_sidebar":"0","ocean_disable_margins":"enable","ocean_add_body_class":"","ocean_shortcode_before_top_bar":"","ocean_shortcode_after_top_bar":"","ocean_shortcode_before_header":"","ocean_shortcode_after_header":"","ocean_has_shortcode":"","ocean_shortcode_after_title":"","ocean_shortcode_before_footer_widgets":"","ocean_shortcode_after_footer_widgets":"","ocean_shortcode_before_footer_bottom":"","ocean_shortcode_after_footer_bottom":"","ocean_display_top_bar":"default","ocean_display_header":"default","ocean_header_style":"","ocean_center_header_left_menu":"0","ocean_custom_header_template":"0","ocean_custom_logo":0,"ocean_custom_retina_logo":0,"ocean_custom_logo_max_width":0,"ocean_custom_logo_tablet_max_width":0,"ocean_custom_logo_mobile_max_width":0,"ocean_custom_logo_max_height":0,"ocean_custom_logo_tablet_max_height":0,"ocean_custom_logo_mobile_max_height":0,"ocean_header_custom_menu":"0","ocean_menu_typo_font_family":"0","ocean_menu_typo_font_subset":"","ocean_menu_typo_font_size":0,"ocean_menu_typo_font_size_tablet":0,"ocean_menu_typo_font_size_mobile":0,"ocean_menu_typo_font_size_unit":"px","ocean_menu_typo_font_weight":"","ocean_menu_typo_font_weight_tablet":"","ocean_menu_typo_font_weight_mobile":"","ocean_menu_typo_transform":"","ocean_menu_typo_transform_tablet":"","ocean_menu_typo_transform_mobile":"","ocean_menu_typo_line_height":0,"ocean_menu_typo_line_height_tablet":0,"ocean_menu_typo_line_height_mobile":0,"ocean_menu_typo_line_height_unit":"","ocean_menu_typo_spacing":0,"ocean_menu_typo_spacing_tablet":0,"ocean_menu_typo_spacing_mobile":0,"ocean_menu_typo_spacing_unit":"","ocean_menu_link_color":"","ocean_menu_link_color_hover":"","ocean_menu_link_color_active":"","ocean_menu_link_background":"","ocean_menu_link_hover_background":"","ocean_menu_link_active_background":"","ocean_menu_social_links_bg":"","ocean_menu_social_hover_links_bg":"","ocean_menu_social_links_color":"","ocean_menu_social_hover_links_color":"","ocean_disable_title":"default","ocean_disable_heading":"default","ocean_post_title":"","ocean_post_subheading":"","ocean_post_title_style":"","ocean_post_title_background_color":"","ocean_post_title_background":0,"ocean_post_title_bg_image_position":"","ocean_post_title_bg_image_attachment":"","ocean_post_title_bg_image_repeat":"","ocean_post_title_bg_image_size":"","ocean_post_title_height":0,"ocean_post_title_bg_overlay":0.5,"ocean_post_title_bg_overlay_color":"","ocean_disable_breadcrumbs":"default","ocean_breadcrumbs_color":"","ocean_breadcrumbs_separator_color":"","ocean_breadcrumbs_links_color":"","ocean_breadcrumbs_links_hover_color":"","ocean_display_footer_widgets":"default","ocean_display_footer_bottom":"default","ocean_custom_footer_template":"0"},"product_brand":[],"product_cat":[51,43],"product_tag":[],"class_list":{"0":"post-1292","1":"product","2":"type-product","3":"status-publish","4":"has-post-thumbnail","6":"product_cat-ages-6-15","7":"product_cat-courses","9":"entry","10":"has-media","12":"first","13":"outofstock","14":"taxable","15":"shipping-taxable","16":"purchasable","17":"product-type-variable","18":"has-product-nav","19":"col","20":"span_1_of_5","21":"owp-content-center","22":"owp-thumbs-layout-horizontal","23":"owp-btn-normal","24":"owp-tabs-layout-horizontal","25":"has-no-thumbnails","27":"circle-sale"},"exclude_global_add_ons":false,"addons":[{"name":"Parents Name","type":"custom_text","position":0,"required":true,"title_format":"label","default":"","description_enable":false,"description":"","placeholder_enable":false,"placeholder":"","display":"select","restrictions_type":"any_text","adjust_price":false,"price":"","price_type":"flat_fee","restrictions":false,"min":"0","max":"0","options":[],"id":1764943278},{"name":"Phone","type":"custom_text","position":1,"required":true,"title_format":"label","default":"","description_enable":false,"description":"","placeholder_enable":false,"placeholder":"","display":"select","restrictions_type":"any_text","adjust_price":false,"price":"","price_type":"flat_fee","restrictions":false,"min":"0","max":"0","options":[],"id":1764943279},{"name":"Email","type":"custom_text","position":2,"required":true,"title_format":"label","default":"","description_enable":false,"description":"","placeholder_enable":false,"placeholder":"","display":"select","restrictions_type":"email","adjust_price":false,"price":"","price_type":"flat_fee","restrictions":false,"min":"0","max":"0","options":[],"id":1764943280},{"name":"Childs Name","type":"custom_text","position":3,"required":true,"title_format":"label","default":"","description_enable":false,"description":"","placeholder_enable":false,"placeholder":"","display":"select","restrictions_type":"any_text","adjust_price":false,"price":"","price_type":"flat_fee","restrictions":false,"min":"0","max":"0","options":[],"id":1764943281},{"name":"Medical Insurance #","type":"custom_text","position":4,"required":true,"title_format":"label","default":"","description_enable":false,"description":"","placeholder_enable":false,"placeholder":"","display":"select","restrictions_type":"any_text","adjust_price":false,"price":"","price_type":"flat_fee","restrictions":false,"min":"0","max":"0","options":[],"id":1764943282},{"name":"Emergency Contact (name)","type":"custom_text","position":5,"required":true,"title_format":"label","default":"","description_enable":false,"description":"","placeholder_enable":false,"placeholder":"","display":"select","restrictions_type":"any_text","adjust_price":false,"price":"","price_type":"flat_fee","restrictions":false,"min":"0","max":"0","options":[],"id":1764943283},{"name":"Emergency Contact (phone)","type":"custom_text","position":6,"required":true,"title_format":"label","default":"","description_enable":false,"description":"","placeholder_enable":false,"placeholder":"","display":"select","restrictions_type":"any_text","adjust_price":false,"price":"","price_type":"flat_fee","restrictions":false,"min":"0","max":"0","options":[],"id":1764943284},{"name":"In case of medical emergency","type":"custom_textarea","position":7,"required":false,"title_format":"label","default":"","description_enable":false,"description":"","placeholder_enable":false,"placeholder":"","display":"select","restrictions_type":"any_text","adjust_price":false,"price":"","price_type":"flat_fee","restrictions":false,"min":"0","max":"0","options":[],"id":1764943285},{"name":"Medical Conditions (other)","type":"custom_textarea","position":8,"required":true,"title_format":"label","default":"","description_enable":false,"description":"","placeholder_enable":false,"placeholder":"","display":"select","restrictions_type":"any_text","adjust_price":false,"price":"","price_type":"flat_fee","restrictions":false,"min":"0","max":"0","options":[],"id":1764943286},{"name":"I understand the course schedules are subject to change","type":"checkbox","position":9,"required":true,"title_format":"label","default":"","description_enable":false,"description":"","placeholder_enable":false,"placeholder":"","display":"select","restrictions_type":"any_text","adjust_price":false,"price":"","price_type":"flat_fee","restrictions":false,"min":"0","max":"0","options":[{"label":"Yes","price":"","price_type":"flat_fee","image":0,"visibility":true}],"id":1764943287},{"name":"I understand the courses are non-refundable","type":"checkbox","position":10,"required":true,"title_format":"label","default":"","description_enable":false,"description":"","placeholder_enable":false,"placeholder":"","display":"select","restrictions_type":"any_text","adjust_price":false,"price":"","price_type":"flat_fee","restrictions":false,"min":"0","max":"0","options":[{"label":"Yes","price":"","price_type":"flat_fee","image":0,"visibility":true}],"id":1764943288},{"name":"The waiver has been signed for my child","type":"checkbox","position":11,"required":true,"title_format":"label","default":"","description_enable":false,"description":"","placeholder_enable":false,"placeholder":"","display":"select","restrictions_type":"any_text","adjust_price":false,"price":"","price_type":"flat_fee","restrictions":false,"min":"0","max":"0","options":[{"label":"Yes","price":"","price_type":"flat_fee","image":0,"visibility":true}],"id":1764943289},{"name":"Pr\u00e9nom et nom de l'enfant","type":"custom_text","position":0,"required":true,"title_format":"label","default":"","description_enable":false,"description":"","placeholder_enable":false,"placeholder":"","display":"select","restrictions_type":"any_text","adjust_price":false,"price":"","price_type":"flat_fee","restrictions":false,"min":"0","max":"0","options":[],"id":1714036953},{"name":"Date de naissance de l'enfant","type":"datepicker","position":1,"required":true,"title_format":"label","default":"","description_enable":false,"description":"","placeholder_enable":false,"placeholder":"","display":"select","restrictions_type":"any_text","adjust_price":false,"price":"","price_type":"flat_fee","restrictions":false,"min":"0","max":"0","options":[],"id":1714036954},{"name":"# d\u2019assurance maladie (pas espace)","type":"custom_text","position":2,"required":true,"title_format":"label","default":"","description_enable":false,"description":"","placeholder_enable":true,"placeholder":"ABCD12345678","display":"select","restrictions_type":"any_text","adjust_price":false,"price":"","price_type":"flat_fee","restrictions":true,"min":"12","max":"12","options":[],"id":1714036955},{"name":"Contact d'urgence (pr\u00e9nom, nom)","type":"custom_text","position":3,"required":true,"title_format":"label","default":"","description_enable":false,"description":"","placeholder_enable":false,"placeholder":"","display":"select","restrictions_type":"any_text","adjust_price":false,"price":"","price_type":"flat_fee","restrictions":false,"min":"0","max":"0","options":[],"id":1714036956},{"name":"No t\u00e9l en cas urgence","type":"custom_text","position":4,"required":true,"title_format":"label","default":"","description_enable":false,"description":"","placeholder_enable":true,"placeholder":"111-222-3333","display":"select","restrictions_type":"any_text","adjust_price":false,"price":"","price_type":"flat_fee","restrictions":true,"min":"12","max":"12","options":[],"id":1714036957},{"name":"Diagnostic m\u00e9dical en cas d'urgence et autres \u00e9tats de sant\u00e9","type":"custom_textarea","position":5,"required":false,"title_format":"label","default":"","description_enable":false,"description":"","placeholder_enable":false,"placeholder":"","display":"select","restrictions_type":"any_text","adjust_price":false,"price":"","price_type":"flat_fee","restrictions":false,"min":"0","max":"0","options":[],"id":1714036958},{"name":"Je comprends que le cours n\u2019est pas remboursable","type":"checkbox","position":6,"required":true,"title_format":"label","default":"","description_enable":false,"description":"blblava","placeholder_enable":false,"placeholder":"","display":"select","restrictions_type":"any_text","adjust_price":false,"price":"","price_type":"flat_fee","restrictions":false,"min":"0","max":"0","options":[{"label":"OUI","price":"","price_type":"flat_fee","image":0,"visibility":true}],"id":1714036959},{"name":"La d\u00e9charge \u00e0 \u00e9t\u00e9 sign\u00e9e pour mon enfant","type":"checkbox","position":7,"required":true,"title_format":"label","default":"","description_enable":false,"description":"","placeholder_enable":false,"placeholder":"","display":"select","restrictions_type":"any_text","adjust_price":false,"price":"","price_type":"flat_fee","restrictions":false,"min":"0","max":"0","options":[{"label":"OUI","price":"","price_type":"flat_fee","image":0,"visibility":true}],"id":1714036960},{"name":"J'accepte de fournir les informations personelles ci-haut pour assurer le bon d\u00e9roulement du cours.","type":"checkbox","position":8,"required":true,"title_format":"label","default":"","description_enable":false,"description":"","placeholder_enable":false,"placeholder":"","display":"select","restrictions_type":"any_text","adjust_price":false,"price":"","price_type":"flat_fee","restrictions":false,"min":"0","max":"0","options":[{"label":"OUI","price":"","price_type":"flat_fee","image":0,"visibility":true}],"id":1714036961}],"yoast_head":"<!-- This site is optimized with the Yoast SEO plugin v27.6 - https:\/\/yoast.com\/product\/yoast-seo-wordpress\/ -->\n<title>Ninja-Warrior Course | O-Volt Trois-Rivi\u00e8res<\/title>\n<meta name=\"description\" content=\"Discover our selection of Ninja Warrior agility courses - categories for children aged 6 to 9 or for young people aged 10 to 13 at O-Volt Trois-Rivi\u00e8res.\" \/>\n<meta name=\"robots\" content=\"index, follow, max-snippet:-1, max-image-preview:large, max-video-preview:-1\" \/>\n<link rel=\"canonical\" href=\"https:\/\/ecom.o-volt.ca\/ovolttr\/en\/product\/ninja-warrior\/\" \/>\n<meta property=\"og:locale\" content=\"en_US\" \/>\n<meta property=\"og:type\" content=\"article\" \/>\n<meta property=\"og:title\" content=\"Ninja-Warrior Course | O-Volt Trois-Rivi\u00e8res\" \/>\n<meta property=\"og:description\" content=\"Discover our selection of Ninja Warrior agility courses - categories for children aged 6 to 9 or for young people aged 10 to 13 at O-Volt Trois-Rivi\u00e8res.\" \/>\n<meta property=\"og:url\" content=\"https:\/\/ecom.o-volt.ca\/ovolttr\/en\/product\/ninja-warrior\/\" \/>\n<meta property=\"og:site_name\" content=\"O-Volt Trois-Rivi\u00e8res\" \/>\n<meta property=\"article:modified_time\" content=\"2025-12-05T19:01:17+00:00\" \/>\n<meta property=\"og:image\" content=\"https:\/\/ecom.o-volt.ca\/ovolttr\/wp-content\/uploads\/sites\/11\/2025\/02\/30.png\" \/>\n\t<meta property=\"og:image:width\" content=\"500\" \/>\n\t<meta property=\"og:image:height\" content=\"500\" \/>\n\t<meta property=\"og:image:type\" content=\"image\/png\" \/>\n<meta name=\"twitter:card\" content=\"summary_large_image\" \/>\n<meta name=\"twitter:label1\" content=\"Est. reading time\" \/>\n\t<meta name=\"twitter:data1\" content=\"1 minute\" \/>\n<script type=\"application\/ld+json\" class=\"yoast-schema-graph\">{\"@context\":\"https:\\\/\\\/schema.org\",\"@graph\":[{\"@type\":\"WebPage\",\"@id\":\"https:\\\/\\\/ecom.o-volt.ca\\\/ovolttr\\\/en\\\/product\\\/ninja-warrior\\\/\",\"url\":\"https:\\\/\\\/ecom.o-volt.ca\\\/ovolttr\\\/en\\\/product\\\/ninja-warrior\\\/\",\"name\":\"Ninja-Warrior Course | O-Volt Trois-Rivi\u00e8res\",\"isPartOf\":{\"@id\":\"https:\\\/\\\/ecom.o-volt.ca\\\/ovolttr\\\/en\\\/#website\"},\"primaryImageOfPage\":{\"@id\":\"https:\\\/\\\/ecom.o-volt.ca\\\/ovolttr\\\/en\\\/product\\\/ninja-warrior\\\/#primaryimage\"},\"image\":{\"@id\":\"https:\\\/\\\/ecom.o-volt.ca\\\/ovolttr\\\/en\\\/product\\\/ninja-warrior\\\/#primaryimage\"},\"thumbnailUrl\":\"https:\\\/\\\/ecom.o-volt.ca\\\/ovolttr\\\/wp-content\\\/uploads\\\/sites\\\/11\\\/2025\\\/02\\\/30.png\",\"datePublished\":\"2020-01-30T15:55:04+00:00\",\"dateModified\":\"2025-12-05T19:01:17+00:00\",\"description\":\"Discover our selection of Ninja Warrior agility courses - categories for children aged 6 to 9 or for young people aged 10 to 13 at O-Volt Trois-Rivi\u00e8res.\",\"breadcrumb\":{\"@id\":\"https:\\\/\\\/ecom.o-volt.ca\\\/ovolttr\\\/en\\\/product\\\/ninja-warrior\\\/#breadcrumb\"},\"inLanguage\":\"en-CA\",\"potentialAction\":[{\"@type\":\"ReadAction\",\"target\":[\"https:\\\/\\\/ecom.o-volt.ca\\\/ovolttr\\\/en\\\/product\\\/ninja-warrior\\\/\"]}]},{\"@type\":\"ImageObject\",\"inLanguage\":\"en-CA\",\"@id\":\"https:\\\/\\\/ecom.o-volt.ca\\\/ovolttr\\\/en\\\/product\\\/ninja-warrior\\\/#primaryimage\",\"url\":\"https:\\\/\\\/ecom.o-volt.ca\\\/ovolttr\\\/wp-content\\\/uploads\\\/sites\\\/11\\\/2025\\\/02\\\/30.png\",\"contentUrl\":\"https:\\\/\\\/ecom.o-volt.ca\\\/ovolttr\\\/wp-content\\\/uploads\\\/sites\\\/11\\\/2025\\\/02\\\/30.png\",\"width\":500,\"height\":500},{\"@type\":\"BreadcrumbList\",\"@id\":\"https:\\\/\\\/ecom.o-volt.ca\\\/ovolttr\\\/en\\\/product\\\/ninja-warrior\\\/#breadcrumb\",\"itemListElement\":[{\"@type\":\"ListItem\",\"position\":1,\"name\":\"Home\",\"item\":\"https:\\\/\\\/ecom.o-volt.ca\\\/ovolttr\\\/en\\\/\"},{\"@type\":\"ListItem\",\"position\":2,\"name\":\"Shop\",\"item\":\"https:\\\/\\\/ecom.o-volt.ca\\\/ovolttr\\\/en\\\/shop\\\/\"},{\"@type\":\"ListItem\",\"position\":3,\"name\":\"Ninja Warrior\"}]},{\"@type\":\"WebSite\",\"@id\":\"https:\\\/\\\/ecom.o-volt.ca\\\/ovolttr\\\/en\\\/#website\",\"url\":\"https:\\\/\\\/ecom.o-volt.ca\\\/ovolttr\\\/en\\\/\",\"name\":\"O-Volt Trois-Rivi\u00e8res\",\"description\":\"\",\"potentialAction\":[{\"@type\":\"SearchAction\",\"target\":{\"@type\":\"EntryPoint\",\"urlTemplate\":\"https:\\\/\\\/ecom.o-volt.ca\\\/ovolttr\\\/en\\\/?s={search_term_string}\"},\"query-input\":{\"@type\":\"PropertyValueSpecification\",\"valueRequired\":true,\"valueName\":\"search_term_string\"}}],\"inLanguage\":\"en-CA\"}]}<\/script>\n<!-- \/ Yoast SEO plugin. -->","yoast_head_json":{"title":"Ninja-Warrior Course | O-Volt Trois-Rivi\u00e8res","description":"Discover our selection of Ninja Warrior agility courses - categories for children aged 6 to 9 or for young people aged 10 to 13 at O-Volt Trois-Rivi\u00e8res.","robots":{"index":"index","follow":"follow","max-snippet":"max-snippet:-1","max-image-preview":"max-image-preview:large","max-video-preview":"max-video-preview:-1"},"canonical":"https:\/\/ecom.o-volt.ca\/ovolttr\/en\/product\/ninja-warrior\/","og_locale":"en_US","og_type":"article","og_title":"Ninja-Warrior Course | O-Volt Trois-Rivi\u00e8res","og_description":"Discover our selection of Ninja Warrior agility courses - categories for children aged 6 to 9 or for young people aged 10 to 13 at O-Volt Trois-Rivi\u00e8res.","og_url":"https:\/\/ecom.o-volt.ca\/ovolttr\/en\/product\/ninja-warrior\/","og_site_name":"O-Volt Trois-Rivi\u00e8res","article_modified_time":"2025-12-05T19:01:17+00:00","og_image":[{"width":500,"height":500,"url":"https:\/\/ecom.o-volt.ca\/ovolttr\/wp-content\/uploads\/sites\/11\/2025\/02\/30.png","type":"image\/png"}],"twitter_card":"summary_large_image","twitter_misc":{"Est. reading time":"1 minute"},"schema":{"@context":"https:\/\/schema.org","@graph":[{"@type":"WebPage","@id":"https:\/\/ecom.o-volt.ca\/ovolttr\/en\/product\/ninja-warrior\/","url":"https:\/\/ecom.o-volt.ca\/ovolttr\/en\/product\/ninja-warrior\/","name":"Ninja-Warrior Course | O-Volt Trois-Rivi\u00e8res","isPartOf":{"@id":"https:\/\/ecom.o-volt.ca\/ovolttr\/en\/#website"},"primaryImageOfPage":{"@id":"https:\/\/ecom.o-volt.ca\/ovolttr\/en\/product\/ninja-warrior\/#primaryimage"},"image":{"@id":"https:\/\/ecom.o-volt.ca\/ovolttr\/en\/product\/ninja-warrior\/#primaryimage"},"thumbnailUrl":"https:\/\/ecom.o-volt.ca\/ovolttr\/wp-content\/uploads\/sites\/11\/2025\/02\/30.png","datePublished":"2020-01-30T15:55:04+00:00","dateModified":"2025-12-05T19:01:17+00:00","description":"Discover our selection of Ninja Warrior agility courses - categories for children aged 6 to 9 or for young people aged 10 to 13 at O-Volt Trois-Rivi\u00e8res.","breadcrumb":{"@id":"https:\/\/ecom.o-volt.ca\/ovolttr\/en\/product\/ninja-warrior\/#breadcrumb"},"inLanguage":"en-CA","potentialAction":[{"@type":"ReadAction","target":["https:\/\/ecom.o-volt.ca\/ovolttr\/en\/product\/ninja-warrior\/"]}]},{"@type":"ImageObject","inLanguage":"en-CA","@id":"https:\/\/ecom.o-volt.ca\/ovolttr\/en\/product\/ninja-warrior\/#primaryimage","url":"https:\/\/ecom.o-volt.ca\/ovolttr\/wp-content\/uploads\/sites\/11\/2025\/02\/30.png","contentUrl":"https:\/\/ecom.o-volt.ca\/ovolttr\/wp-content\/uploads\/sites\/11\/2025\/02\/30.png","width":500,"height":500},{"@type":"BreadcrumbList","@id":"https:\/\/ecom.o-volt.ca\/ovolttr\/en\/product\/ninja-warrior\/#breadcrumb","itemListElement":[{"@type":"ListItem","position":1,"name":"Home","item":"https:\/\/ecom.o-volt.ca\/ovolttr\/en\/"},{"@type":"ListItem","position":2,"name":"Shop","item":"https:\/\/ecom.o-volt.ca\/ovolttr\/en\/shop\/"},{"@type":"ListItem","position":3,"name":"Ninja Warrior"}]},{"@type":"WebSite","@id":"https:\/\/ecom.o-volt.ca\/ovolttr\/en\/#website","url":"https:\/\/ecom.o-volt.ca\/ovolttr\/en\/","name":"O-Volt Trois-Rivi\u00e8res","description":"","potentialAction":[{"@type":"SearchAction","target":{"@type":"EntryPoint","urlTemplate":"https:\/\/ecom.o-volt.ca\/ovolttr\/en\/?s={search_term_string}"},"query-input":{"@type":"PropertyValueSpecification","valueRequired":true,"valueName":"search_term_string"}}],"inLanguage":"en-CA"}]}},"_links":{"self":[{"href":"https:\/\/ecom.o-volt.ca\/ovolttr\/en\/wp-json\/wp\/v2\/product\/1292","targetHints":{"allow":["GET"]}}],"collection":[{"href":"https:\/\/ecom.o-volt.ca\/ovolttr\/en\/wp-json\/wp\/v2\/product"}],"about":[{"href":"https:\/\/ecom.o-volt.ca\/ovolttr\/en\/wp-json\/wp\/v2\/types\/product"}],"wp:featuredmedia":[{"embeddable":true,"href":"https:\/\/ecom.o-volt.ca\/ovolttr\/en\/wp-json\/wp\/v2\/media\/33549"}],"wp:attachment":[{"href":"https:\/\/ecom.o-volt.ca\/ovolttr\/en\/wp-json\/wp\/v2\/media?parent=1292"}],"wp:term":[{"taxonomy":"product_brand","embeddable":true,"href":"https:\/\/ecom.o-volt.ca\/ovolttr\/en\/wp-json\/wp\/v2\/product_brand?post=1292"},{"taxonomy":"product_cat","embeddable":true,"href":"https:\/\/ecom.o-volt.ca\/ovolttr\/en\/wp-json\/wp\/v2\/product_cat?post=1292"},{"taxonomy":"product_tag","embeddable":true,"href":"https:\/\/ecom.o-volt.ca\/ovolttr\/en\/wp-json\/wp\/v2\/product_tag?post=1292"}],"curies":[{"name":"wp","href":"https:\/\/api.w.org\/{rel}","templated":true}]}}